{"id":3415,"date":"2025-06-04T21:58:46","date_gmt":"2025-06-04T21:58:46","guid":{"rendered":"https:\/\/onloopstudio.com\/?page_id=3415"},"modified":"2025-11-12T00:18:15","modified_gmt":"2025-11-12T00:18:15","slug":"portfolio","status":"publish","type":"page","link":"https:\/\/onloopstudio.com\/es\/portfolio\/","title":{"rendered":"Portafolio"},"content":{"rendered":"<div class=\"wp-block-uagb-container animated fadeIn uagb-block-78fbda14 alignfull uagb-is-root-container\"><div class=\"uagb-container__video-wrap\"><video autoplay loop muted playsinline><source src=\"https:\/\/onloopstudio.com\/wp-content\/uploads\/2025\/06\/PORTADA-PORFOLIO-GOWIDE.mp4-finalfinal.mp4\" type=\"video\/mp4\"\/><\/video><\/div><div class=\"uagb-container-inner-blocks-wrap\">\n<div class=\"wp-block-uagb-info-box uagb-block-38b626f9 uagb-infobox__content-wrap  uagb-infobox-icon-above-title uagb-infobox-image-valign-top\"><div class=\"uagb-ifb-content\"><div class=\"uagb-ifb-title-wrap\"><h1 class=\"uagb-ifb-title-prefix\"><strong>NUESTRO TRABAJO <\/strong><\/h1><h4 class=\"uagb-ifb-title\"><strong>At OnLoop Studio, we tell stories that move.<\/strong><\/h4><\/div><p class=\"uagb-ifb-desc\"><strong>Desde v\u00eddeos tur\u00edsticos cinematogr\u00e1ficos hasta impactantes pel\u00edculas de marca, \u00e9sta es una colecci\u00f3n de los trabajos de los que estamos orgullosos.<br><\/strong><\/p><\/div><\/div>\n<\/div><\/div>\n\n\n\n<div class=\"wp-block-uagb-container animated fadeIn undefined slow uagb-layout-grid uagb-block-c7455a21 default uagb-is-root-container\">\n<div class=\"wp-block-uagb-container o-anim-hover hover-scale uagb-block-e515e322\">\n<div class=\"wp-block-cover alignfull o-anim-hover has-aspect-ratio\" style=\"border-radius:20px;margin-top:0;margin-bottom:0;padding-top:0;padding-bottom:0;aspect-ratio:1;min-height:unset;\"><img data-opt-id=12761196  fetchpriority=\"high\" decoding=\"async\" width=\"1024\" height=\"609\" class=\"wp-block-cover__image-background wp-image-5660 size-large\" alt=\"Sunset over Meriton Suites Broadbeach \u2013 aerial cinematic shot by OnLoop Studio\" src=\"https:\/\/mlhr54msc5kl.i.optimole.com\/w:1024\/h:609\/q:mauto\/ig:avif\/https:\/\/onloopstudio.com\/wp-content\/uploads\/2025\/11\/Screenshot-2025-11-04-at-5.21.38-PM.jpg\" data-object-fit=\"cover\" srcset=\"https:\/\/mlhr54msc5kl.i.optimole.com\/w:1024\/h:609\/q:mauto\/ig:avif\/https:\/\/onloopstudio.com\/wp-content\/uploads\/2025\/11\/Screenshot-2025-11-04-at-5.21.38-PM.jpg 1024w, https:\/\/mlhr54msc5kl.i.optimole.com\/w:300\/h:178\/q:mauto\/ig:avif\/https:\/\/onloopstudio.com\/wp-content\/uploads\/2025\/11\/Screenshot-2025-11-04-at-5.21.38-PM.jpg 300w, https:\/\/mlhr54msc5kl.i.optimole.com\/w:768\/h:457\/q:mauto\/ig:avif\/https:\/\/onloopstudio.com\/wp-content\/uploads\/2025\/11\/Screenshot-2025-11-04-at-5.21.38-PM.jpg 768w, https:\/\/mlhr54msc5kl.i.optimole.com\/w:1536\/h:913\/q:mauto\/ig:avif\/https:\/\/onloopstudio.com\/wp-content\/uploads\/2025\/11\/Screenshot-2025-11-04-at-5.21.38-PM.jpg 1536w, https:\/\/mlhr54msc5kl.i.optimole.com\/w:1815\/h:1080\/q:mauto\/ig:avif\/https:\/\/onloopstudio.com\/wp-content\/uploads\/2025\/11\/Screenshot-2025-11-04-at-5.21.38-PM.jpg 2048w, https:\/\/mlhr54msc5kl.i.optimole.com\/w:18\/h:12\/q:mauto\/ig:avif\/dpr:2\/https:\/\/onloopstudio.com\/wp-content\/uploads\/2025\/11\/Screenshot-2025-11-04-at-5.21.38-PM.jpg 18w\" sizes=\"(max-width: 1000px) 100vw, 1000px\" \/><span aria-hidden=\"true\" class=\"wp-block-cover__background has-ast-global-color-8-background-color has-background-dim-40 has-background-dim\"><\/span><div class=\"wp-block-cover__inner-container is-layout-flow wp-container-core-cover-is-layout-3892b39b wp-block-cover-is-layout-flow\">\n<p class=\"has-text-align-center has-large-font-size\" style=\"font-style:normal;font-weight:1000\">MERITON SUITES BROADBEACH<\/p>\n<\/div><\/div>\n<a class=\"spectra-container-link-overlay\" rel=\"noopener\" href=\"https:\/\/onloopstudio.com\/es\/meriton-suites-broadbeach\/\"> <\/a><\/div>\n\n\n\n<div class=\"wp-block-uagb-container o-anim-hover hover-scale uagb-block-71816218\">\n<div class=\"wp-block-cover alignfull o-anim-hover has-aspect-ratio\" style=\"border-radius:20px;margin-top:0;margin-bottom:0;padding-top:0;padding-bottom:0;aspect-ratio:1;min-height:unset;\"><img data-opt-id=1120149102  fetchpriority=\"high\" decoding=\"async\" width=\"1024\" height=\"517\" class=\"wp-block-cover__image-background wp-image-5668 size-large\" alt=\"Swiss alpine hotel Maya Caprice in Wengen \u2013 cinematic hospitality production by OnLoop Studio\" src=\"https:\/\/mlhr54msc5kl.i.optimole.com\/w:1024\/h:517\/q:mauto\/ig:avif\/https:\/\/onloopstudio.com\/wp-content\/uploads\/2025\/11\/Screenshot-2025-09-17-at-12.56.18-PM.jpg\" data-object-fit=\"cover\" srcset=\"https:\/\/mlhr54msc5kl.i.optimole.com\/w:1024\/h:517\/q:mauto\/ig:avif\/https:\/\/onloopstudio.com\/wp-content\/uploads\/2025\/11\/Screenshot-2025-09-17-at-12.56.18-PM.jpg 1024w, https:\/\/mlhr54msc5kl.i.optimole.com\/w:300\/h:152\/q:mauto\/ig:avif\/https:\/\/onloopstudio.com\/wp-content\/uploads\/2025\/11\/Screenshot-2025-09-17-at-12.56.18-PM.jpg 300w, https:\/\/mlhr54msc5kl.i.optimole.com\/w:768\/h:388\/q:mauto\/ig:avif\/https:\/\/onloopstudio.com\/wp-content\/uploads\/2025\/11\/Screenshot-2025-09-17-at-12.56.18-PM.jpg 768w, https:\/\/mlhr54msc5kl.i.optimole.com\/w:18\/h:9\/q:mauto\/ig:avif\/dpr:2\/https:\/\/onloopstudio.com\/wp-content\/uploads\/2025\/11\/Screenshot-2025-09-17-at-12.56.18-PM.jpg 18w, https:\/\/mlhr54msc5kl.i.optimole.com\/w:1342\/h:678\/q:mauto\/ig:avif\/https:\/\/onloopstudio.com\/wp-content\/uploads\/2025\/11\/Screenshot-2025-09-17-at-12.56.18-PM.jpg 1342w\" sizes=\"(max-width: 1000px) 100vw, 1000px\" \/><span aria-hidden=\"true\" class=\"wp-block-cover__background has-ast-global-color-8-background-color has-background-dim-40 has-background-dim\"><\/span><div class=\"wp-block-cover__inner-container is-layout-flow wp-container-core-cover-is-layout-3892b39b wp-block-cover-is-layout-flow\">\n<p class=\"has-text-align-center has-large-font-size\" style=\"font-style:normal;font-weight:1000\">MAYA CAPRICE<\/p>\n<\/div><\/div>\n<a class=\"spectra-container-link-overlay\" rel=\"noopener\" href=\"https:\/\/onloopstudio.com\/es\/maya-caprice-hotel\/\"> <\/a><\/div>\n\n\n\n<div class=\"wp-block-uagb-container o-anim-hover hover-scale uagb-layout-flex uagb-block-b9a09437\">\n<div class=\"wp-block-cover has-aspect-ratio wp-duotone-unset-1\" style=\"border-radius:20px;aspect-ratio:1;min-height:unset;\"><img data-opt-id=464560853  data-opt-src=\"https:\/\/mlhr54msc5kl.i.optimole.com\/w:1024\/h:581\/q:mauto\/ig:avif\/https:\/\/onloopstudio.com\/wp-content\/uploads\/2025\/11\/Screenshot-2025-09-16-at-12.33.52-PM.jpg\"  decoding=\"async\" width=\"1024\" height=\"581\" class=\"wp-block-cover__image-background wp-image-5667 size-large\" alt=\"Swiss alpine hotel Maya Caprice in Wengen \u2013 cinematic hospitality production by OnLoop Studio\" src=\"data:image/svg+xml,%3Csvg%20viewBox%3D%220%200%201024%20581%22%20width%3D%221024%22%20height%3D%22581%22%20xmlns%3D%22http%3A%2F%2Fwww.w3.org%2F2000%2Fsvg%22%3E%3Crect%20width%3D%221024%22%20height%3D%22581%22%20fill%3D%22transparent%22%2F%3E%3C%2Fsvg%3E\" data-object-fit=\"cover\" old-srcset=\"https:\/\/mlhr54msc5kl.i.optimole.com\/w:1024\/h:581\/q:mauto\/ig:avif\/https:\/\/onloopstudio.com\/wp-content\/uploads\/2025\/11\/Screenshot-2025-09-16-at-12.33.52-PM.jpg 1024w, https:\/\/mlhr54msc5kl.i.optimole.com\/w:300\/h:170\/q:mauto\/ig:avif\/https:\/\/onloopstudio.com\/wp-content\/uploads\/2025\/11\/Screenshot-2025-09-16-at-12.33.52-PM.jpg 300w, https:\/\/mlhr54msc5kl.i.optimole.com\/w:768\/h:436\/q:mauto\/ig:avif\/https:\/\/onloopstudio.com\/wp-content\/uploads\/2025\/11\/Screenshot-2025-09-16-at-12.33.52-PM.jpg 768w, https:\/\/mlhr54msc5kl.i.optimole.com\/w:18\/h:10\/q:mauto\/ig:avif\/dpr:2\/https:\/\/onloopstudio.com\/wp-content\/uploads\/2025\/11\/Screenshot-2025-09-16-at-12.33.52-PM.jpg 18w, https:\/\/mlhr54msc5kl.i.optimole.com\/w:1198\/h:680\/q:mauto\/ig:avif\/https:\/\/onloopstudio.com\/wp-content\/uploads\/2025\/11\/Screenshot-2025-09-16-at-12.33.52-PM.jpg 1198w\" \/><span aria-hidden=\"true\" class=\"wp-block-cover__background has-background-dim-0 has-background-dim\" style=\"background-color:#4e514c\"><\/span><div class=\"wp-block-cover__inner-container is-layout-constrained wp-block-cover-is-layout-constrained\">\n<p class=\"has-text-align-center has-large-font-size\" style=\"text-decoration:none\"><strong>BUNK HOTEL<\/strong><\/p>\n<\/div><\/div>\n<a class=\"spectra-container-link-overlay\" rel=\"noopener\" href=\"https:\/\/onloopstudio.com\/es\/Bunk-Hotel\/\"> <\/a><\/div>\n\n\n\n<div class=\"wp-block-uagb-container o-anim-hover hover-scale uagb-block-c9770af3\">\n<div class=\"wp-block-cover alignfull has-aspect-ratio wp-duotone-unset-2\" style=\"border-style:none;border-width:0px;border-radius:20px;margin-top:0;margin-bottom:0;padding-top:0;padding-right:0;padding-bottom:0;padding-left:0;text-decoration:none;aspect-ratio:1;min-height:unset;\"><img data-opt-id=762721768  data-opt-src=\"https:\/\/mlhr54msc5kl.i.optimole.com\/w:1024\/h:576\/q:mauto\/ig:avif\/https:\/\/onloopstudio.com\/wp-content\/uploads\/2025\/11\/HA-GIAN-AVENTURE-.jpg\"  decoding=\"async\" width=\"1024\" height=\"576\" class=\"wp-block-cover__image-background wp-image-5664 size-large\" alt=\"Scenic mountain landscape in Ha Giang Loop, Vietnam \u2013 travel cinematography by OnLoop Studio\" src=\"data:image/svg+xml,%3Csvg%20viewBox%3D%220%200%201024%20576%22%20width%3D%221024%22%20height%3D%22576%22%20xmlns%3D%22http%3A%2F%2Fwww.w3.org%2F2000%2Fsvg%22%3E%3Crect%20width%3D%221024%22%20height%3D%22576%22%20fill%3D%22transparent%22%2F%3E%3C%2Fsvg%3E\" data-object-fit=\"cover\" old-srcset=\"https:\/\/mlhr54msc5kl.i.optimole.com\/w:1024\/h:576\/q:mauto\/ig:avif\/https:\/\/onloopstudio.com\/wp-content\/uploads\/2025\/11\/HA-GIAN-AVENTURE-.jpg 1024w, https:\/\/mlhr54msc5kl.i.optimole.com\/w:300\/h:169\/q:mauto\/ig:avif\/https:\/\/onloopstudio.com\/wp-content\/uploads\/2025\/11\/HA-GIAN-AVENTURE-.jpg 300w, https:\/\/mlhr54msc5kl.i.optimole.com\/w:768\/h:432\/q:mauto\/ig:avif\/https:\/\/onloopstudio.com\/wp-content\/uploads\/2025\/11\/HA-GIAN-AVENTURE-.jpg 768w, https:\/\/mlhr54msc5kl.i.optimole.com\/w:1536\/h:864\/q:mauto\/ig:avif\/https:\/\/onloopstudio.com\/wp-content\/uploads\/2025\/11\/HA-GIAN-AVENTURE-.jpg 1536w, https:\/\/mlhr54msc5kl.i.optimole.com\/w:18\/h:10\/q:mauto\/ig:avif\/dpr:2\/https:\/\/onloopstudio.com\/wp-content\/uploads\/2025\/11\/HA-GIAN-AVENTURE-.jpg 18w, https:\/\/mlhr54msc5kl.i.optimole.com\/w:1920\/h:1080\/q:mauto\/ig:avif\/https:\/\/onloopstudio.com\/wp-content\/uploads\/2025\/11\/HA-GIAN-AVENTURE-.jpg 1920w\" \/><span aria-hidden=\"true\" class=\"wp-block-cover__background has-ast-global-color-8-background-color has-background-dim-30 has-background-dim\"><\/span><div class=\"wp-block-cover__inner-container is-layout-flow wp-container-core-cover-is-layout-18d67692 wp-block-cover-is-layout-flow\">\n<p class=\"has-text-align-center has-large-font-size\"><strong>HA GIANG ADVENTURE<\/strong><\/p>\n<\/div><\/div>\n<a class=\"spectra-container-link-overlay\" rel=\"noopener\" href=\"https:\/\/onloopstudio.com\/es\/ha-giang-adventure\/\"> <\/a><\/div>\n\n\n\n<div class=\"wp-block-uagb-container o-anim-hover hover-scale uagb-block-9b09fb97\">\n<div class=\"wp-block-cover o-anim-hover has-aspect-ratio wp-duotone-unset-3\" style=\"border-radius:20px;aspect-ratio:1;min-height:unset;\"><img data-opt-id=947316563  data-opt-src=\"https:\/\/mlhr54msc5kl.i.optimole.com\/w:auto\/h:auto\/q:mauto\/ig:avif\/https:\/\/onloopstudio.com\/wp-content\/uploads\/2025\/11\/LE-JOUNEY-CREUISES.jpg\"  decoding=\"async\" width=\"862\" height=\"762\" class=\"wp-block-cover__image-background wp-image-5666 size-full\" alt=\"Luxury cruise in Ha Long Bay, Vietnam \u2013 cinematic travel project by OnLoop Studio\" src=\"data:image/svg+xml,%3Csvg%20viewBox%3D%220%200%20100%%20100%%22%20width%3D%22100%%22%20height%3D%22100%%22%20xmlns%3D%22http%3A%2F%2Fwww.w3.org%2F2000%2Fsvg%22%3E%3Crect%20width%3D%22100%%22%20height%3D%22100%%22%20fill%3D%22transparent%22%2F%3E%3C%2Fsvg%3E\" data-object-fit=\"cover\" old-srcset=\"https:\/\/mlhr54msc5kl.i.optimole.com\/w:862\/h:762\/q:mauto\/ig:avif\/https:\/\/onloopstudio.com\/wp-content\/uploads\/2025\/11\/LE-JOUNEY-CREUISES.jpg 862w, https:\/\/mlhr54msc5kl.i.optimole.com\/w:300\/h:265\/q:mauto\/ig:avif\/https:\/\/onloopstudio.com\/wp-content\/uploads\/2025\/11\/LE-JOUNEY-CREUISES.jpg 300w, https:\/\/mlhr54msc5kl.i.optimole.com\/w:768\/h:679\/q:mauto\/ig:avif\/https:\/\/onloopstudio.com\/wp-content\/uploads\/2025\/11\/LE-JOUNEY-CREUISES.jpg 768w, https:\/\/mlhr54msc5kl.i.optimole.com\/w:14\/h:12\/q:mauto\/ig:avif\/dpr:2\/https:\/\/onloopstudio.com\/wp-content\/uploads\/2025\/11\/LE-JOUNEY-CREUISES.jpg 14w\" \/><span aria-hidden=\"true\" class=\"wp-block-cover__background has-ast-global-color-8-background-color has-background-dim-20 has-background-dim\"><\/span><div class=\"wp-block-cover__inner-container is-layout-constrained wp-block-cover-is-layout-constrained\">\n<p class=\"has-text-align-center\" style=\"font-size:36px\"><strong>LE JOURNEY CRUISES<\/strong><\/p>\n<\/div><\/div>\n<a class=\"spectra-container-link-overlay\" rel=\"noopener\" href=\"https:\/\/onloopstudio.com\/es\/le-journey-cruises\/\"> <\/a><\/div>\n\n\n\n<div class=\"wp-block-uagb-container o-anim-hover hover-scale uagb-block-4788786c\">\n<div class=\"wp-block-cover alignfull has-aspect-ratio wp-duotone-unset-4\" style=\"border-radius:20px;margin-top:0;margin-bottom:0;padding-top:0;padding-bottom:0;aspect-ratio:1;min-height:unset;\"><img data-opt-id=2088167721  data-opt-src=\"https:\/\/mlhr54msc5kl.i.optimole.com\/w:1024\/h:796\/q:mauto\/ig:avif\/https:\/\/onloopstudio.com\/wp-content\/uploads\/2025\/11\/ISLA-EXPERIENCE.jpg\"  decoding=\"async\" width=\"1024\" height=\"796\" class=\"wp-block-cover__image-background wp-image-5665 size-large\" alt=\"Aerial view of Isla Experience in Palawan \u2013 luxury eco resort video by OnLoop Studio\" src=\"data:image/svg+xml,%3Csvg%20viewBox%3D%220%200%201024%20796%22%20width%3D%221024%22%20height%3D%22796%22%20xmlns%3D%22http%3A%2F%2Fwww.w3.org%2F2000%2Fsvg%22%3E%3Crect%20width%3D%221024%22%20height%3D%22796%22%20fill%3D%22transparent%22%2F%3E%3C%2Fsvg%3E\" data-object-fit=\"cover\" old-srcset=\"https:\/\/mlhr54msc5kl.i.optimole.com\/w:1024\/h:796\/q:mauto\/ig:avif\/https:\/\/onloopstudio.com\/wp-content\/uploads\/2025\/11\/ISLA-EXPERIENCE.jpg 1024w, https:\/\/mlhr54msc5kl.i.optimole.com\/w:300\/h:233\/q:mauto\/ig:avif\/https:\/\/onloopstudio.com\/wp-content\/uploads\/2025\/11\/ISLA-EXPERIENCE.jpg 300w, https:\/\/mlhr54msc5kl.i.optimole.com\/w:768\/h:597\/q:mauto\/ig:avif\/https:\/\/onloopstudio.com\/wp-content\/uploads\/2025\/11\/ISLA-EXPERIENCE.jpg 768w, https:\/\/mlhr54msc5kl.i.optimole.com\/w:1389\/h:1080\/q:mauto\/ig:avif\/https:\/\/onloopstudio.com\/wp-content\/uploads\/2025\/11\/ISLA-EXPERIENCE.jpg 1536w, https:\/\/mlhr54msc5kl.i.optimole.com\/w:15\/h:12\/q:mauto\/ig:avif\/dpr:2\/https:\/\/onloopstudio.com\/wp-content\/uploads\/2025\/11\/ISLA-EXPERIENCE.jpg 15w, https:\/\/mlhr54msc5kl.i.optimole.com\/w:1389\/h:1080\/q:mauto\/ig:avif\/https:\/\/onloopstudio.com\/wp-content\/uploads\/2025\/11\/ISLA-EXPERIENCE.jpg 1762w\" \/><span aria-hidden=\"true\" class=\"wp-block-cover__background has-ast-global-color-8-background-color has-background-dim-40 has-background-dim\"><\/span><div class=\"wp-block-cover__inner-container is-layout-flow wp-container-core-cover-is-layout-3892b39b wp-block-cover-is-layout-flow\">\n<p class=\"has-text-align-center has-large-font-size\"><strong>ISLA EXPERIENCE<\/strong><\/p>\n<\/div><\/div>\n<a class=\"spectra-container-link-overlay\" rel=\"noopener\" href=\"https:\/\/onloopstudio.com\/es\/isla-experience\/\"> <\/a><\/div>\n\n\n\n<div class=\"wp-block-uagb-container o-anim-hover hover-scale uagb-block-feb92769\">\n<div class=\"wp-block-cover alignfull has-large-font-size has-aspect-ratio\" style=\"border-radius:20px;margin-top:0;margin-bottom:0;padding-top:0;padding-bottom:0;aspect-ratio:1;min-height:unset;\"><img data-opt-id=2134369572  data-opt-src=\"https:\/\/mlhr54msc5kl.i.optimole.com\/w:1024\/h:768\/q:mauto\/ig:avif\/https:\/\/onloopstudio.com\/wp-content\/uploads\/2025\/11\/CASTAWAY-EXPEDITION.jpg\"  decoding=\"async\" width=\"1024\" height=\"768\" class=\"wp-block-cover__image-background wp-image-5663 size-large\" alt=\"Adventure boat journey in the Philippines \u2013 Castaway Expedition filmed by OnLoop Studio\" src=\"data:image/svg+xml,%3Csvg%20viewBox%3D%220%200%201024%20768%22%20width%3D%221024%22%20height%3D%22768%22%20xmlns%3D%22http%3A%2F%2Fwww.w3.org%2F2000%2Fsvg%22%3E%3Crect%20width%3D%221024%22%20height%3D%22768%22%20fill%3D%22transparent%22%2F%3E%3C%2Fsvg%3E\" data-object-fit=\"cover\" old-srcset=\"https:\/\/mlhr54msc5kl.i.optimole.com\/w:1024\/h:768\/q:mauto\/ig:avif\/https:\/\/onloopstudio.com\/wp-content\/uploads\/2025\/11\/CASTAWAY-EXPEDITION.jpg 1024w, https:\/\/mlhr54msc5kl.i.optimole.com\/w:300\/h:225\/q:mauto\/ig:avif\/https:\/\/onloopstudio.com\/wp-content\/uploads\/2025\/11\/CASTAWAY-EXPEDITION.jpg 300w, https:\/\/mlhr54msc5kl.i.optimole.com\/w:768\/h:576\/q:mauto\/ig:avif\/https:\/\/onloopstudio.com\/wp-content\/uploads\/2025\/11\/CASTAWAY-EXPEDITION.jpg 768w, https:\/\/mlhr54msc5kl.i.optimole.com\/w:1440\/h:1080\/q:mauto\/ig:avif\/https:\/\/onloopstudio.com\/wp-content\/uploads\/2025\/11\/CASTAWAY-EXPEDITION.jpg 1536w, https:\/\/mlhr54msc5kl.i.optimole.com\/w:1440\/h:1080\/q:mauto\/ig:avif\/https:\/\/onloopstudio.com\/wp-content\/uploads\/2025\/11\/CASTAWAY-EXPEDITION.jpg 2048w, https:\/\/mlhr54msc5kl.i.optimole.com\/w:16\/h:12\/q:mauto\/ig:avif\/dpr:2\/https:\/\/onloopstudio.com\/wp-content\/uploads\/2025\/11\/CASTAWAY-EXPEDITION.jpg 16w\" \/><span aria-hidden=\"true\" class=\"wp-block-cover__background has-ast-global-color-8-background-color has-background-dim-40 has-background-dim\"><\/span><div class=\"wp-block-cover__inner-container is-layout-flow wp-container-core-cover-is-layout-3892b39b wp-block-cover-is-layout-flow\">\n<p class=\"has-text-align-center has-large-font-size\"><strong>EXPEDICI\u00d3N N\u00c1UFRAGO<\/strong><\/p>\n<\/div><\/div>\n<a class=\"spectra-container-link-overlay\" rel=\"noopener\" href=\"https:\/\/onloopstudio.com\/es\/castaway-expedition\/\"> <\/a><\/div>\n<\/div>\n\n\n\n<p><\/p>","protected":false},"excerpt":{"rendered":"","protected":false},"author":1,"featured_media":0,"parent":0,"menu_order":0,"comment_status":"closed","ping_status":"closed","template":"","meta":{"_uag_custom_page_level_css":"","site-sidebar-layout":"default","site-content-layout":"","ast-site-content-layout":"default","site-content-style":"default","site-sidebar-style":"default","ast-global-header-display":"","ast-banner-title-visibility":"","ast-main-header-display":"","ast-hfb-above-header-display":"","ast-hfb-below-header-display":"","ast-hfb-mobile-header-display":"","site-post-title":"disabled","ast-breadcrumbs-content":"","ast-featured-img":"","footer-sml-layout":"","theme-transparent-header-meta":"enabled","adv-header-id-meta":"","stick-header-meta":"","header-above-stick-meta":"","header-main-stick-meta":"","header-below-stick-meta":"","astra-migrate-meta-layouts":"set","ast-page-background-enabled":"default","ast-page-background-meta":{"desktop":{"background-color":"","background-image":"","background-repeat":"repeat","background-position":"center center","background-size":"auto","background-attachment":"scroll","background-type":"","background-media":"","overlay-type":"","overlay-color":"","overlay-opacity":"","overlay-gradient":""},"tablet":{"background-color":"","background-image":"","background-repeat":"repeat","background-position":"center center","background-size":"auto","background-attachment":"scroll","background-type":"","background-media":"","overlay-type":"","overlay-color":"","overlay-opacity":"","overlay-gradient":""},"mobile":{"background-color":"","background-image":"","background-repeat":"repeat","background-position":"center center","background-size":"auto","background-attachment":"scroll","background-type":"","background-media":"","overlay-type":"","overlay-color":"","overlay-opacity":"","overlay-gradient":""}},"ast-content-background-meta":{"desktop":{"background-color":"var(--ast-global-color-5)","background-image":"","background-repeat":"repeat","background-position":"center center","background-size":"auto","background-attachment":"scroll","background-type":"","background-media":"","overlay-type":"","overlay-color":"","overlay-opacity":"","overlay-gradient":""},"tablet":{"background-color":"var(--ast-global-color-5)","background-image":"","background-repeat":"repeat","background-position":"center center","background-size":"auto","background-attachment":"scroll","background-type":"","background-media":"","overlay-type":"","overlay-color":"","overlay-opacity":"","overlay-gradient":""},"mobile":{"background-color":"var(--ast-global-color-5)","background-image":"","background-repeat":"repeat","background-position":"center center","background-size":"auto","background-attachment":"scroll","background-type":"","background-media":"","overlay-type":"","overlay-color":"","overlay-opacity":"","overlay-gradient":""}},"_themeisle_gutenberg_block_has_review":false,"footnotes":""},"class_list":["post-3415","page","type-page","status-publish","hentry"],"uagb_featured_image_src":{"full":false,"thumbnail":false,"medium":false,"medium_large":false,"large":false,"1536x1536":false,"2048x2048":false,"trp-custom-language-flag":false},"uagb_author_info":{"display_name":"lucas.caceres977@gmail.com","author_link":"https:\/\/onloopstudio.com\/es\/author\/lucas-caceres977gmail-com\/"},"uagb_comment_info":0,"uagb_excerpt":null,"_links":{"self":[{"href":"https:\/\/onloopstudio.com\/es\/wp-json\/wp\/v2\/pages\/3415","targetHints":{"allow":["GET"]}}],"collection":[{"href":"https:\/\/onloopstudio.com\/es\/wp-json\/wp\/v2\/pages"}],"about":[{"href":"https:\/\/onloopstudio.com\/es\/wp-json\/wp\/v2\/types\/page"}],"author":[{"embeddable":true,"href":"https:\/\/onloopstudio.com\/es\/wp-json\/wp\/v2\/users\/1"}],"replies":[{"embeddable":true,"href":"https:\/\/onloopstudio.com\/es\/wp-json\/wp\/v2\/comments?post=3415"}],"version-history":[{"count":178,"href":"https:\/\/onloopstudio.com\/es\/wp-json\/wp\/v2\/pages\/3415\/revisions"}],"predecessor-version":[{"id":5733,"href":"https:\/\/onloopstudio.com\/es\/wp-json\/wp\/v2\/pages\/3415\/revisions\/5733"}],"wp:attachment":[{"href":"https:\/\/onloopstudio.com\/es\/wp-json\/wp\/v2\/media?parent=3415"}],"curies":[{"name":"wp","href":"https:\/\/api.w.org\/{rel}","templated":true}]}}