{"id":1490,"date":"2025-06-03T10:55:24","date_gmt":"2025-06-03T10:55:24","guid":{"rendered":"https:\/\/teal-skunk-922700.hostingersite.com\/about\/"},"modified":"2025-07-09T17:43:35","modified_gmt":"2025-07-09T17:43:35","slug":"about","status":"publish","type":"page","link":"https:\/\/onloopstudio.com\/es\/about\/","title":{"rendered":"Qui\u00e9nes somos"},"content":{"rendered":"<div class=\"wp-block-uagb-container uagb-block-f369ae08 default uagb-is-root-container\">\n<div class=\"wp-block-uagb-container uagb-block-27d1fbe7\"><div class=\"uagb-container__video-wrap\"><video autoplay loop muted playsinline><source src=\"https:\/\/onloopstudio.com\/wp-content\/uploads\/2025\/06\/pagina-web-servicios-1-1.mp4\" type=\"video\/mp4\"\/><\/video><\/div>\n<div class=\"wp-block-uagb-container uagb-block-8e3cda36\">\n<div class=\"wp-block-uagb-info-box uagb-block-614c16d2 uagb-infobox__content-wrap  uagb-infobox-icon-above-title uagb-infobox-image-valign-top scroll-title ticss-dcfb5e42\"><div class=\"uagb-ifb-content\"><div class=\"uagb-ifb-title-wrap\"><h1 class=\"uagb-ifb-title-prefix\"><strong>QUIENES SOMOS <\/strong><\/h1><h4 class=\"uagb-ifb-title\"><strong><strong>Narraci\u00f3n cinematogr\u00e1fica adaptada al turismo y la hosteler\u00eda.<\/strong><\/strong><\/h4><\/div><\/div><\/div>\n<a class=\"spectra-container-link-overlay\" rel=\"noopener\" href=\"https:\/\/onloopstudio.com\/es\/about\/\"> <\/a><\/div>\n<\/div>\n<\/div>\n\n\n\n<div class=\"wp-block-uagb-container uagb-block-0682ea1d alignfull uagb-is-root-container\"><div class=\"uagb-container-inner-blocks-wrap\">\n<div class=\"wp-block-uagb-container animated zoomIn uagb-block-d904cbea\">\n<div class=\"wp-block-uagb-container animated fadeInUp delay-200ms uagb-block-37158dbe\">\n<div class=\"wp-block-uagb-info-box uagb-block-1d62cba7 uagb-infobox__content-wrap  uagb-infobox-icon-above-title uagb-infobox-image-valign-top\"><div class=\"uagb-ifb-content\"><div class=\"uagb-ifb-title-wrap\"><div class=\"uagb-ifb-separator\"><\/div><h3 class=\"uagb-ifb-title\">Qui\u00e9nes somos<\/h3><\/div><p class=\"uagb-ifb-desc\">OnLoop Studio es una agencia de contenido especializada en la industria de la hospitalidad y el turismo. Fundada por creativos de Argentina y con base en Gold Coast y C\u00f3rdoba, ofrecemos contenido de alta gama y soluciones visuales integradas que elevan marcas dentro del espacio global de la hospitalidad.<br>Combinamos narrativa cinematogr\u00e1fica, branding y estrategia para ayudar a nuestros clientes a conectar, inspirar y destacarse.<\/p><\/div><\/div>\n<\/div>\n\n\n\n<div class=\"wp-block-uagb-container animated fadeInUp delay-500ms uagb-block-75bd7c61\">\n<div class=\"wp-block-uagb-info-box uagb-block-4eb4800b uagb-infobox__content-wrap  uagb-infobox-icon-above-title uagb-infobox-image-valign-top\"><div class=\"uagb-ifb-content\"><div class=\"uagb-ifb-title-wrap\"><div class=\"uagb-ifb-separator\"><\/div><h3 class=\"uagb-ifb-title\">Nuestra misi\u00f3n<\/h3><\/div><p class=\"uagb-ifb-desc\">Nuestra misi\u00f3n es elevar la industria del turismo y la hosteler\u00eda mediante la creaci\u00f3n de contenidos visuales convincentes. Desde v\u00eddeos cinematogr\u00e1ficos y fotograf\u00eda hasta campa\u00f1as de marketing digital y redes sociales que ayudan a las empresas a conectar de forma significativa con su p\u00fablico y destacar en un mercado global competitivo.<\/p><\/div><\/div>\n<\/div>\n\n\n\n<div class=\"wp-block-uagb-container animated fadeInUp delay-1s undefined uagb-block-bb6ae8ac\">\n<div class=\"wp-block-uagb-info-box uagb-block-4f0b567b uagb-infobox__content-wrap  uagb-infobox-icon-above-title uagb-infobox-image-valign-top\"><div class=\"uagb-ifb-content\"><div class=\"uagb-ifb-title-wrap\"><div class=\"uagb-ifb-separator\"><\/div><h3 class=\"uagb-ifb-title\">Qu\u00e9 hacemos<\/h3><\/div><\/div><\/div>\n\n\n\n<div class=\"wp-block-uagb-icon-list uagb-block-0df84fb5\"><div class=\"uagb-icon-list__wrap\">\n<div class=\"wp-block-uagb-icon-list-child uagb-block-e0950454\"><span class=\"uagb-icon-list__source-wrap\"><svg xmlns=\"https:\/\/www.w3.org\/2000\/svg\" viewbox=\"0 0 256 512\"><path d=\"M118.6 105.4l128 127.1C252.9 239.6 256 247.8 256 255.1s-3.125 16.38-9.375 22.63l-128 127.1c-9.156 9.156-22.91 11.9-34.88 6.943S64 396.9 64 383.1V128c0-12.94 7.781-24.62 19.75-29.58S109.5 96.23 118.6 105.4z\"><\/path><\/svg><\/span><span class=\"uagb-icon-list__label\">Producci\u00f3n de v\u00eddeo cinematogr\u00e1fico<\/span><\/div>\n\n\n\n<div class=\"wp-block-uagb-icon-list-child uagb-block-110e683d\"><span class=\"uagb-icon-list__source-wrap\"><svg xmlns=\"https:\/\/www.w3.org\/2000\/svg\" viewbox=\"0 0 256 512\"><path d=\"M118.6 105.4l128 127.1C252.9 239.6 256 247.8 256 255.1s-3.125 16.38-9.375 22.63l-128 127.1c-9.156 9.156-22.91 11.9-34.88 6.943S64 396.9 64 383.1V128c0-12.94 7.781-24.62 19.75-29.58S109.5 96.23 118.6 105.4z\"><\/path><\/svg><\/span><span class=\"uagb-icon-list__label\">Fotograf\u00eda profesional<\/span><\/div>\n\n\n\n<div class=\"wp-block-uagb-icon-list-child uagb-block-974a5bc0\"><span class=\"uagb-icon-list__source-wrap\"><svg xmlns=\"https:\/\/www.w3.org\/2000\/svg\" viewbox=\"0 0 256 512\"><path d=\"M118.6 105.4l128 127.1C252.9 239.6 256 247.8 256 255.1s-3.125 16.38-9.375 22.63l-128 127.1c-9.156 9.156-22.91 11.9-34.88 6.943S64 396.9 64 383.1V128c0-12.94 7.781-24.62 19.75-29.58S109.5 96.23 118.6 105.4z\"><\/path><\/svg><\/span><span class=\"uagb-icon-list__label\">Marketing y presencia digital<\/span><\/div>\n\n\n\n<div class=\"wp-block-uagb-icon-list-child uagb-block-21e9cff0\"><span class=\"uagb-icon-list__source-wrap\"><svg xmlns=\"https:\/\/www.w3.org\/2000\/svg\" viewbox=\"0 0 256 512\"><path d=\"M118.6 105.4l128 127.1C252.9 239.6 256 247.8 256 255.1s-3.125 16.38-9.375 22.63l-128 127.1c-9.156 9.156-22.91 11.9-34.88 6.943S64 396.9 64 383.1V128c0-12.94 7.781-24.62 19.75-29.58S109.5 96.23 118.6 105.4z\"><\/path><\/svg><\/span><span class=\"uagb-icon-list__label\">Redes sociales<\/span><\/div>\n\n\n\n<div class=\"wp-block-uagb-icon-list-child uagb-block-ede865c1\"><span class=\"uagb-icon-list__source-wrap\"><svg xmlns=\"https:\/\/www.w3.org\/2000\/svg\" viewbox=\"0 0 256 512\"><path d=\"M118.6 105.4l128 127.1C252.9 239.6 256 247.8 256 255.1s-3.125 16.38-9.375 22.63l-128 127.1c-9.156 9.156-22.91 11.9-34.88 6.943S64 396.9 64 383.1V128c0-12.94 7.781-24.62 19.75-29.58S109.5 96.23 118.6 105.4z\"><\/path><\/svg><\/span><span class=\"uagb-icon-list__label\">Cobertura de eventos y experiencias<\/span><\/div>\n\n\n\n<div class=\"wp-block-uagb-icon-list-child uagb-block-4d39a588\"><span class=\"uagb-icon-list__source-wrap\"><svg xmlns=\"https:\/\/www.w3.org\/2000\/svg\" viewbox=\"0 0 256 512\"><path d=\"M118.6 105.4l128 127.1C252.9 239.6 256 247.8 256 255.1s-3.125 16.38-9.375 22.63l-128 127.1c-9.156 9.156-22.91 11.9-34.88 6.943S64 396.9 64 383.1V128c0-12.94 7.781-24.62 19.75-29.58S109.5 96.23 118.6 105.4z\"><\/path><\/svg><\/span><span class=\"uagb-icon-list__label\">Servicios de drone<\/span><\/div>\n<\/div><\/div>\n<\/div>\n<\/div>\n<\/div><\/div>\n\n\n\n<div class=\"wp-block-uagb-container animated fadeIn uagb-layout-flex uagb-block-95751d1b default uagb-is-root-container\">\n<div class=\"wp-block-uagb-info-box uagb-block-706d5349 uagb-infobox__content-wrap  uagb-infobox_cta-type-all uagb-infobox-icon-above-title uagb-infobox-image-valign-top wp-block-uagb-info-box--has-margin animated fadeIn o-anim-hover\"><div class=\"uagb-infobox-margin-wrapper\"><a href=\"https:\/\/www.linkedin.com\/in\/lucas-ignacio-caceres\/\" class=\"uagb-infobox-link-wrap uagb-infbox__link-to-all\" target=\"_blank\" aria-label=\"Enlace Infobox\" rel=\"noopener noreferrer\" onclick=\"return true;\"><\/a><div class=\"uagb-ifb-content\"><div class=\"uagb-ifb-image-content\"><img data-opt-id=16507580  fetchpriority=\"high\" decoding=\"async\" src=\"https:\/\/mlhr54msc5kl.i.optimole.com\/w:auto\/h:auto\/q:mauto\/ig:avif\/https:\/\/onloopstudio.com\/wp-content\/uploads\/2025\/06\/IMG_1139-scaled.jpg\" alt=\"\" width=\"400\" height=\"533\" loading=\"lazy\"\/><\/div><div class=\"uagb-ifb-title-wrap\"><h4 class=\"uagb-ifb-title\">LUCAS CACERES<\/h4><\/div><p class=\"uagb-ifb-desc\"><strong>Founder\u200b and Director OPS<\/strong><\/p><div class=\"uagb-ifb-button-wrapper wp-block-button\"><\/div><\/div><\/div><\/div>\n<\/div>\n\n\n\n<div class=\"wp-block-uagb-container uagb-block-47c5e8d5 default uagb-is-root-container\"><div class=\"uagb-container__video-wrap\"><video autoplay loop muted playsinline><source src=\"https:\/\/onloopstudio.com\/wp-content\/uploads\/2025\/07\/nueva-web-portada-.mp4\" type=\"video\/mp4\"\/><\/video><\/div>\n<div class=\"wp-block-uagb-container uagb-block-1ef07dee\">\n<div class=\"wp-block-uagb-advanced-heading uagb-block-f5effed3\"><h2 class=\"uagb-heading-text\"><strong>\u00bfPor qu\u00e9 elegirnos?<\/strong><\/h2><p class=\"uagb-desc-text\"><br><\/p><\/div>\n\n\n\n<div class=\"wp-block-uagb-container uagb-block-78b4f44e\"><div class=\"wp-block-uagb-faq uagb-faq__outer-wrap uagb-block-cbd31900 uagb-faq-icon-row-reverse uagb-faq-layout-accordion uagb-faq-expand-first-true uagb-faq-inactive-other-true uagb-faq__wrap uagb-buttons-layout-wrap uagb-faq-equal-height\" data-faqtoggle=\"true\" role=\"tablist\"><div class=\"wp-block-uagb-faq-child uagb-faq-child__outer-wrap uagb-faq-item uagb-block-dde2a6dd\" role=\"tab\" tabindex=\"0\"><div class=\"uagb-faq-questions-button uagb-faq-questions\">\t\t\t<span class=\"uagb-icon uagb-faq-icon-wrap\">\n\t\t\t\t\t\t\t\t<svg xmlns=\"https:\/\/www.w3.org\/2000\/svg\" viewbox= \"0 0 512 512\"><path d=\"M0 256C0 114.6 114.6 0 256 0C397.4 0 512 114.6 512 256C512 397.4 397.4 512 256 512C114.6 512 0 397.4 0 256zM256 368C269.3 368 280 357.3 280 344V280H344C357.3 280 368 269.3 368 256C368 242.7 357.3 232 344 232H280V168C280 154.7 269.3 144 256 144C242.7 144 232 154.7 232 168V232H168C154.7 232 144 242.7 144 256C144 269.3 154.7 280 168 280H232V344C232 357.3 242.7 368 256 368z\"><\/path><\/svg>\n\t\t\t\t\t\t\t<\/span>\n\t\t\t\t\t\t<span class=\"uagb-icon-active uagb-faq-icon-wrap\">\n\t\t\t\t\t\t\t\t<svg xmlns=\"https:\/\/www.w3.org\/2000\/svg\" viewbox= \"0 0 512 512\"><path d=\"M0 256C0 114.6 114.6 0 256 0C397.4 0 512 114.6 512 256C512 397.4 397.4 512 256 512C114.6 512 0 397.4 0 256zM168 232C154.7 232 144 242.7 144 256C144 269.3 154.7 280 168 280H344C357.3 280 368 269.3 368 256C368 242.7 357.3 232 344 232H168z\"><\/path><\/svg>\n\t\t\t\t\t\t\t<\/span>\n\t\t\t<span class=\"uagb-question\"><strong>Especialistas en hosteler\u00eda y turismo<\/strong><\/span><\/div><div class=\"uagb-faq-content\"><p>Nos centramos exclusivamente en crear contenidos impactantes para el sector de la hosteler\u00eda y el turismo, desde hoteles boutique hasta experiencias tur\u00edsticas a gran escala.<\/p><\/div><\/div><div class=\"wp-block-uagb-faq-child uagb-faq-child__outer-wrap uagb-faq-item uagb-block-8a6d129c\" role=\"tab\" tabindex=\"0\"><div class=\"uagb-faq-questions-button uagb-faq-questions\">\t\t\t<span class=\"uagb-icon uagb-faq-icon-wrap\">\n\t\t\t\t\t\t\t\t<svg xmlns=\"https:\/\/www.w3.org\/2000\/svg\" viewbox= \"0 0 512 512\"><path d=\"M0 256C0 114.6 114.6 0 256 0C397.4 0 512 114.6 512 256C512 397.4 397.4 512 256 512C114.6 512 0 397.4 0 256zM256 368C269.3 368 280 357.3 280 344V280H344C357.3 280 368 269.3 368 256C368 242.7 357.3 232 344 232H280V168C280 154.7 269.3 144 256 144C242.7 144 232 154.7 232 168V232H168C154.7 232 144 242.7 144 256C144 269.3 154.7 280 168 280H232V344C232 357.3 242.7 368 256 368z\"><\/path><\/svg>\n\t\t\t\t\t\t\t<\/span>\n\t\t\t\t\t\t<span class=\"uagb-icon-active uagb-faq-icon-wrap\">\n\t\t\t\t\t\t\t\t<svg xmlns=\"https:\/\/www.w3.org\/2000\/svg\" viewbox= \"0 0 512 512\"><path d=\"M0 256C0 114.6 114.6 0 256 0C397.4 0 512 114.6 512 256C512 397.4 397.4 512 256 512C114.6 512 0 397.4 0 256zM168 232C154.7 232 144 242.7 144 256C144 269.3 154.7 280 168 280H344C357.3 280 368 269.3 368 256C368 242.7 357.3 232 344 232H168z\"><\/path><\/svg>\n\t\t\t\t\t\t\t<\/span>\n\t\t\t<span class=\"uagb-question\"><strong>Calidad cinematogr\u00e1fica, siempre<\/strong><\/span><\/div><div class=\"uagb-faq-content\"><p>Aplicamos t\u00e9cnicas cinematogr\u00e1ficas a cada proyecto para que su marca destaque con una narraci\u00f3n convincente y emocional.<\/p><\/div><\/div><div class=\"wp-block-uagb-faq-child uagb-faq-child__outer-wrap uagb-faq-item uagb-block-4851c2c0\" role=\"tab\" tabindex=\"0\"><div class=\"uagb-faq-questions-button uagb-faq-questions\">\t\t\t<span class=\"uagb-icon uagb-faq-icon-wrap\">\n\t\t\t\t\t\t\t\t<svg xmlns=\"https:\/\/www.w3.org\/2000\/svg\" viewbox= \"0 0 512 512\"><path d=\"M0 256C0 114.6 114.6 0 256 0C397.4 0 512 114.6 512 256C512 397.4 397.4 512 256 512C114.6 512 0 397.4 0 256zM256 368C269.3 368 280 357.3 280 344V280H344C357.3 280 368 269.3 368 256C368 242.7 357.3 232 344 232H280V168C280 154.7 269.3 144 256 144C242.7 144 232 154.7 232 168V232H168C154.7 232 144 242.7 144 256C144 269.3 154.7 280 168 280H232V344C232 357.3 242.7 368 256 368z\"><\/path><\/svg>\n\t\t\t\t\t\t\t<\/span>\n\t\t\t\t\t\t<span class=\"uagb-icon-active uagb-faq-icon-wrap\">\n\t\t\t\t\t\t\t\t<svg xmlns=\"https:\/\/www.w3.org\/2000\/svg\" viewbox= \"0 0 512 512\"><path d=\"M0 256C0 114.6 114.6 0 256 0C397.4 0 512 114.6 512 256C512 397.4 397.4 512 256 512C114.6 512 0 397.4 0 256zM168 232C154.7 232 144 242.7 144 256C144 269.3 154.7 280 168 280H344C357.3 280 368 269.3 368 256C368 242.7 357.3 232 344 232H168z\"><\/path><\/svg>\n\t\t\t\t\t\t\t<\/span>\n\t\t\t<span class=\"uagb-question\"><strong>Perspectiva global, visi\u00f3n local<\/strong><\/span><\/div><div class=\"uagb-faq-content\"><p>Combinamos los est\u00e1ndares internacionales con un profundo conocimiento de las culturas locales, garantizando que cada proyecto resuene aut\u00e9nticamente con su p\u00fablico.<\/p><\/div><\/div><div class=\"wp-block-uagb-faq-child uagb-faq-child__outer-wrap uagb-faq-item uagb-block-70ca7a71\" role=\"tab\" tabindex=\"0\"><div class=\"uagb-faq-questions-button uagb-faq-questions\">\t\t\t<span class=\"uagb-icon uagb-faq-icon-wrap\">\n\t\t\t\t\t\t\t\t<svg xmlns=\"https:\/\/www.w3.org\/2000\/svg\" viewbox= \"0 0 512 512\"><path d=\"M0 256C0 114.6 114.6 0 256 0C397.4 0 512 114.6 512 256C512 397.4 397.4 512 256 512C114.6 512 0 397.4 0 256zM256 368C269.3 368 280 357.3 280 344V280H344C357.3 280 368 269.3 368 256C368 242.7 357.3 232 344 232H280V168C280 154.7 269.3 144 256 144C242.7 144 232 154.7 232 168V232H168C154.7 232 144 242.7 144 256C144 269.3 154.7 280 168 280H232V344C232 357.3 242.7 368 256 368z\"><\/path><\/svg>\n\t\t\t\t\t\t\t<\/span>\n\t\t\t\t\t\t<span class=\"uagb-icon-active uagb-faq-icon-wrap\">\n\t\t\t\t\t\t\t\t<svg xmlns=\"https:\/\/www.w3.org\/2000\/svg\" viewbox= \"0 0 512 512\"><path d=\"M0 256C0 114.6 114.6 0 256 0C397.4 0 512 114.6 512 256C512 397.4 397.4 512 256 512C114.6 512 0 397.4 0 256zM168 232C154.7 232 144 242.7 144 256C144 269.3 154.7 280 168 280H344C357.3 280 368 269.3 368 256C368 242.7 357.3 232 344 232H168z\"><\/path><\/svg>\n\t\t\t\t\t\t\t<\/span>\n\t\t\t<span class=\"uagb-question\"><strong>Colaboraci\u00f3n pr\u00e1ctica y flexible<\/strong><\/span><\/div><div class=\"uagb-faq-content\"><p>Nos adaptamos a su flujo de trabajo, formando parte de su equipo para que la producci\u00f3n sea fluida, tanto si est\u00e1 in situ como a distancia.<\/p><\/div><\/div><div class=\"wp-block-uagb-faq-child uagb-faq-child__outer-wrap uagb-faq-item uagb-block-b31336a7\" role=\"tab\" tabindex=\"0\"><div class=\"uagb-faq-questions-button uagb-faq-questions\">\t\t\t<span class=\"uagb-icon uagb-faq-icon-wrap\">\n\t\t\t\t\t\t\t\t<svg xmlns=\"https:\/\/www.w3.org\/2000\/svg\" viewbox= \"0 0 512 512\"><path d=\"M0 256C0 114.6 114.6 0 256 0C397.4 0 512 114.6 512 256C512 397.4 397.4 512 256 512C114.6 512 0 397.4 0 256zM256 368C269.3 368 280 357.3 280 344V280H344C357.3 280 368 269.3 368 256C368 242.7 357.3 232 344 232H280V168C280 154.7 269.3 144 256 144C242.7 144 232 154.7 232 168V232H168C154.7 232 144 242.7 144 256C144 269.3 154.7 280 168 280H232V344C232 357.3 242.7 368 256 368z\"><\/path><\/svg>\n\t\t\t\t\t\t\t<\/span>\n\t\t\t\t\t\t<span class=\"uagb-icon-active uagb-faq-icon-wrap\">\n\t\t\t\t\t\t\t\t<svg xmlns=\"https:\/\/www.w3.org\/2000\/svg\" viewbox= \"0 0 512 512\"><path d=\"M0 256C0 114.6 114.6 0 256 0C397.4 0 512 114.6 512 256C512 397.4 397.4 512 256 512C114.6 512 0 397.4 0 256zM168 232C154.7 232 144 242.7 144 256C144 269.3 154.7 280 168 280H344C357.3 280 368 269.3 368 256C368 242.7 357.3 232 344 232H168z\"><\/path><\/svg>\n\t\t\t\t\t\t\t<\/span>\n\t\t\t<span class=\"uagb-question\"><strong>Impacto visual estrat\u00e9gico<\/strong><\/span><\/div><div class=\"uagb-faq-content\"><p>Cada pieza de contenido se elabora no s\u00f3lo para impresionar, sino para convertir, aumentar la participaci\u00f3n, las reservas y el reconocimiento de la marca.<\/p><\/div><\/div><div class=\"wp-block-uagb-faq-child uagb-faq-child__outer-wrap uagb-faq-item uagb-block-7ef398bc\" role=\"tab\" tabindex=\"0\"><div class=\"uagb-faq-questions-button uagb-faq-questions\">\t\t\t<span class=\"uagb-icon uagb-faq-icon-wrap\">\n\t\t\t\t\t\t\t\t<svg xmlns=\"https:\/\/www.w3.org\/2000\/svg\" viewbox= \"0 0 512 512\"><path d=\"M0 256C0 114.6 114.6 0 256 0C397.4 0 512 114.6 512 256C512 397.4 397.4 512 256 512C114.6 512 0 397.4 0 256zM256 368C269.3 368 280 357.3 280 344V280H344C357.3 280 368 269.3 368 256C368 242.7 357.3 232 344 232H280V168C280 154.7 269.3 144 256 144C242.7 144 232 154.7 232 168V232H168C154.7 232 144 242.7 144 256C144 269.3 154.7 280 168 280H232V344C232 357.3 242.7 368 256 368z\"><\/path><\/svg>\n\t\t\t\t\t\t\t<\/span>\n\t\t\t\t\t\t<span class=\"uagb-icon-active uagb-faq-icon-wrap\">\n\t\t\t\t\t\t\t\t<svg xmlns=\"https:\/\/www.w3.org\/2000\/svg\" viewbox= \"0 0 512 512\"><path d=\"M0 256C0 114.6 114.6 0 256 0C397.4 0 512 114.6 512 256C512 397.4 397.4 512 256 512C114.6 512 0 397.4 0 256zM168 232C154.7 232 144 242.7 144 256C144 269.3 154.7 280 168 280H344C357.3 280 368 269.3 368 256C368 242.7 357.3 232 344 232H168z\"><\/path><\/svg>\n\t\t\t\t\t\t\t<\/span>\n\t\t\t<span class=\"uagb-question\"><strong>Equipo de producci\u00f3n \u00e1gil<\/strong><\/span><\/div><div class=\"uagb-faq-content\"><p>Nos movemos r\u00e1pido, somos \u00e1giles y, aun as\u00ed, ofrecemos resultados de alta calidad, ideales para empresas din\u00e1micas que necesitan socios con capacidad de respuesta.<\/p><\/div><\/div><\/div><\/div>\n<\/div>\n<\/div>\n\n\n\n<div class=\"wp-block-uagb-container animated slideInLeft uagb-block-4dc8cdb9 alignfull uagb-is-root-container\"><div class=\"uagb-container-inner-blocks-wrap\">\n<div class=\"wp-block-uagb-container uagb-block-f844dda9\">\n<div class=\"wp-block-uagb-advanced-heading uagb-block-6717def3\"><h4 class=\"uagb-heading-text\"><strong>Nuestro impacto en cifras<\/strong><\/h4><\/div>\n<\/div>\n\n\n\n<div class=\"wp-block-uagb-container o-anim-hover uagb-layout-grid uagb-block-47fbacb7\">\n<div class=\"wp-block-uagb-advanced-heading uagb-block-9f1d8b26\"><h2 class=\"uagb-heading-text\">+30<\/h2><\/div>\n\n\n\n<div class=\"wp-block-uagb-advanced-heading uagb-block-330e01e2\"><h6 class=\"uagb-heading-text\"><strong><strong>\u200b<\/strong>Clientes<\/strong><br><strong>Satisfechos<\/strong><\/h6><\/div>\n<\/div>\n\n\n\n<div class=\"wp-block-uagb-container o-anim-hover uagb-layout-grid uagb-block-38754091\">\n<div class=\"wp-block-uagb-advanced-heading uagb-block-b4b131a4\"><h2 class=\"uagb-heading-text\">+40<\/h2><\/div>\n\n\n\n<div class=\"wp-block-uagb-advanced-heading uagb-block-055c2366\"><h6 class=\"uagb-heading-text\"><strong><strong>Proyectos <\/strong><\/strong><br><strong><strong>Completado<\/strong><\/strong><\/h6><\/div>\n<\/div>\n<\/div><\/div>\n\n\n\n<div class=\"wp-block-uagb-container uagb-block-b997312a alignfull uagb-is-root-container\"><div class=\"uagb-container-inner-blocks-wrap\">\n<div class=\"wp-block-uagb-container uagb-layout-grid uagb-block-005fba1f\">\n<div class=\"wp-block-group is-nowrap is-layout-flex wp-container-core-group-is-layout-6c531013 wp-block-group-is-layout-flex\">\n<div class=\"wp-block-uagb-advanced-heading uagb-block-12865cae\"><h3 class=\"uagb-heading-text\">\u00bfListo para elevar su marca con nosotros?<\/h3><\/div>\n<\/div>\n\n\n\n<div class=\"wp-block-uagb-buttons uagb-buttons__outer-wrap uagb-btn__default-btn uagb-btn-tablet__default-btn uagb-btn-mobile__default-btn uagb-block-2c953428\"><div class=\"uagb-buttons__wrap uagb-buttons-layout-wrap\">\n<div class=\"wp-block-uagb-buttons-child uagb-buttons__outer-wrap uagb-block-8bb4b826 wp-block-button\"><div class=\"uagb-button__wrapper\"><a class=\"uagb-buttons-repeater wp-block-button__link\" aria-label=\"\" href=\"https:\/\/onloopstudio.com\/es\/contact\/\" rel=\"follow noopener\" target=\"_blank\" role=\"button\"><div class=\"uagb-button__link\">EMPEZAR<\/div><\/a><\/div><\/div>\n<\/div><\/div>\n<\/div>\n<\/div><\/div>","protected":false},"excerpt":{"rendered":"<p>Why Choose Us?\u200b Our Impact in Numbers +30 \u200bSatisfiedClients +40 Projects Completed\u200b Ready to elevate your brand with us?<\/p>","protected":false},"author":1,"featured_media":0,"parent":0,"menu_order":0,"comment_status":"closed","ping_status":"closed","template":"","meta":{"_uag_custom_page_level_css":"","site-sidebar-layout":"no-sidebar","site-content-layout":"page-builder","ast-site-content-layout":"full-width-container","site-content-style":"unboxed","site-sidebar-style":"unboxed","ast-global-header-display":"","ast-banner-title-visibility":"","ast-main-header-display":"","ast-hfb-above-header-display":"","ast-hfb-below-header-display":"","ast-hfb-mobile-header-display":"","site-post-title":"disabled","ast-breadcrumbs-content":"","ast-featured-img":"disabled","footer-sml-layout":"","theme-transparent-header-meta":"enabled","adv-header-id-meta":"","stick-header-meta":"","header-above-stick-meta":"","header-main-stick-meta":"","header-below-stick-meta":"","astra-migrate-meta-layouts":"set","ast-page-background-enabled":"default","ast-page-background-meta":{"desktop":{"background-color":"","background-image":"","background-repeat":"repeat","background-position":"center center","background-size":"auto","background-attachment":"scroll","background-type":"","background-media":"","overlay-type":"","overlay-color":"","overlay-opacity":"","overlay-gradient":""},"tablet":{"background-color":"","background-image":"","background-repeat":"repeat","background-position":"center center","background-size":"auto","background-attachment":"scroll","background-type":"","background-media":"","overlay-type":"","overlay-color":"","overlay-opacity":"","overlay-gradient":""},"mobile":{"background-color":"","background-image":"","background-repeat":"repeat","background-position":"center center","background-size":"auto","background-attachment":"scroll","background-type":"","background-media":"","overlay-type":"","overlay-color":"","overlay-opacity":"","overlay-gradient":""}},"ast-content-background-meta":{"desktop":{"background-color":"var(--ast-global-color-5)","background-image":"","background-repeat":"repeat","background-position":"center center","background-size":"auto","background-attachment":"scroll","background-type":"","background-media":"","overlay-type":"","overlay-color":"","overlay-opacity":"","overlay-gradient":""},"tablet":{"background-color":"var(--ast-global-color-5)","background-image":"","background-repeat":"repeat","background-position":"center center","background-size":"auto","background-attachment":"scroll","background-type":"","background-media":"","overlay-type":"","overlay-color":"","overlay-opacity":"","overlay-gradient":""},"mobile":{"background-color":"var(--ast-global-color-5)","background-image":"","background-repeat":"repeat","background-position":"center center","background-size":"auto","background-attachment":"scroll","background-type":"","background-media":"","overlay-type":"","overlay-color":"","overlay-opacity":"","overlay-gradient":""}},"_themeisle_gutenberg_block_has_review":false,"footnotes":""},"class_list":["post-1490","page","type-page","status-publish","hentry"],"uagb_featured_image_src":{"full":false,"thumbnail":false,"medium":false,"medium_large":false,"large":false,"1536x1536":false,"2048x2048":false,"trp-custom-language-flag":false},"uagb_author_info":{"display_name":"lucas.caceres977@gmail.com","author_link":"https:\/\/onloopstudio.com\/es\/author\/lucas-caceres977gmail-com\/"},"uagb_comment_info":0,"uagb_excerpt":"Why Choose Us?\u200b Our Impact in Numbers +30 \u200bSatisfiedClients +40 Projects Completed\u200b Ready to elevate your brand with us?","_links":{"self":[{"href":"https:\/\/onloopstudio.com\/es\/wp-json\/wp\/v2\/pages\/1490","targetHints":{"allow":["GET"]}}],"collection":[{"href":"https:\/\/onloopstudio.com\/es\/wp-json\/wp\/v2\/pages"}],"about":[{"href":"https:\/\/onloopstudio.com\/es\/wp-json\/wp\/v2\/types\/page"}],"author":[{"embeddable":true,"href":"https:\/\/onloopstudio.com\/es\/wp-json\/wp\/v2\/users\/1"}],"replies":[{"embeddable":true,"href":"https:\/\/onloopstudio.com\/es\/wp-json\/wp\/v2\/comments?post=1490"}],"version-history":[{"count":106,"href":"https:\/\/onloopstudio.com\/es\/wp-json\/wp\/v2\/pages\/1490\/revisions"}],"predecessor-version":[{"id":5164,"href":"https:\/\/onloopstudio.com\/es\/wp-json\/wp\/v2\/pages\/1490\/revisions\/5164"}],"wp:attachment":[{"href":"https:\/\/onloopstudio.com\/es\/wp-json\/wp\/v2\/media?parent=1490"}],"curies":[{"name":"wp","href":"https:\/\/api.w.org\/{rel}","templated":true}]}}